{"id":12,"date":"2020-01-21T15:12:14","date_gmt":"2020-01-21T14:12:14","guid":{"rendered":"https:\/\/www.novorodenec.sk\/web\/?page_id=12"},"modified":"2020-01-21T17:07:14","modified_gmt":"2020-01-21T16:07:14","slug":"pomohli","status":"publish","type":"page","link":"https:\/\/www.novorodenec.sk\/web\/?page_id=12","title":{"rendered":"Pomohli"},"content":{"rendered":"\n<p> Za posledn\u00e9 \u0161tyri roky pracovisku pomohli pri k\u00fape novej techniky najm\u00e4 sponzori v sume cca <strong>130\u2013tis\u00edc eur<\/strong>.  Teraz dostala nemocnica financie od ministerstva zdravotn\u00edctva v r\u00e1mci <strong>N\u00e1rodn\u00e9ho neonatologick\u00e9ho programu<\/strong>. Medzi sedem slovensk\u00fdch nemocn\u00edc prerozdelilo 1,5 mili\u00f3na eur. Klinika k\u00fapila ventil\u00e1tory na umel\u00fa p\u013e\u00facnu ventil\u00e1ciu, pr\u00edtroje na pretlakov\u00fa podporu d\u00fdchania, inf\u00fazne d\u00e1vkova\u010de a pumpy, monitory v hodnote cca <strong>230\u2013tis\u00edc eur<\/strong> <\/p>\n\n\n\n<figure class=\"wp-block-image size-large\"><img loading=\"lazy\" decoding=\"async\" width=\"1024\" height=\"529\" src=\"https:\/\/www.novorodenec.sk\/web\/wp-content\/uploads\/2020\/01\/IMG_3238-e1459317274273-1024x529.jpg\" alt=\"\" class=\"wp-image-58\" srcset=\"https:\/\/www.novorodenec.sk\/web\/wp-content\/uploads\/2020\/01\/IMG_3238-e1459317274273-1024x529.jpg 1024w, https:\/\/www.novorodenec.sk\/web\/wp-content\/uploads\/2020\/01\/IMG_3238-e1459317274273-300x155.jpg 300w, https:\/\/www.novorodenec.sk\/web\/wp-content\/uploads\/2020\/01\/IMG_3238-e1459317274273-768x397.jpg 768w, https:\/\/www.novorodenec.sk\/web\/wp-content\/uploads\/2020\/01\/IMG_3238-e1459317274273.jpg 1381w\" sizes=\"(max-width: 706px) 89vw, (max-width: 767px) 82vw, 740px\" \/><\/figure>\n\n\n\n<figure class=\"wp-block-image size-large\"><img loading=\"lazy\" decoding=\"async\" width=\"1024\" height=\"555\" src=\"https:\/\/www.novorodenec.sk\/web\/wp-content\/uploads\/2020\/01\/IMG_3236-e1459317038720-1024x555.jpg\" alt=\"\" class=\"wp-image-60\" srcset=\"https:\/\/www.novorodenec.sk\/web\/wp-content\/uploads\/2020\/01\/IMG_3236-e1459317038720-1024x555.jpg 1024w, https:\/\/www.novorodenec.sk\/web\/wp-content\/uploads\/2020\/01\/IMG_3236-e1459317038720-300x163.jpg 300w, https:\/\/www.novorodenec.sk\/web\/wp-content\/uploads\/2020\/01\/IMG_3236-e1459317038720-768x417.jpg 768w, https:\/\/www.novorodenec.sk\/web\/wp-content\/uploads\/2020\/01\/IMG_3236-e1459317038720.jpg 1311w\" sizes=\"(max-width: 706px) 89vw, (max-width: 767px) 82vw, 740px\" \/><\/figure>\n\n\n\n<div class=\"wp-block-image\"><figure class=\"aligncenter size-large\"><img loading=\"lazy\" decoding=\"async\" width=\"366\" height=\"250\" src=\"https:\/\/www.novorodenec.sk\/web\/wp-content\/uploads\/2020\/01\/IMG_3237-e1459318570486.jpg\" alt=\"\" class=\"wp-image-59\" srcset=\"https:\/\/www.novorodenec.sk\/web\/wp-content\/uploads\/2020\/01\/IMG_3237-e1459318570486.jpg 366w, https:\/\/www.novorodenec.sk\/web\/wp-content\/uploads\/2020\/01\/IMG_3237-e1459318570486-300x205.jpg 300w\" sizes=\"(max-width: 366px) 100vw, 366px\" \/><\/figure><\/div>\n\n\n\n<div class=\"wp-block-image\"><figure class=\"aligncenter size-large\"><img loading=\"lazy\" decoding=\"async\" width=\"398\" height=\"280\" src=\"https:\/\/www.novorodenec.sk\/web\/wp-content\/uploads\/2020\/01\/IMG_3239-e1459318773425.jpg\" alt=\"\" class=\"wp-image-61\" srcset=\"https:\/\/www.novorodenec.sk\/web\/wp-content\/uploads\/2020\/01\/IMG_3239-e1459318773425.jpg 398w, https:\/\/www.novorodenec.sk\/web\/wp-content\/uploads\/2020\/01\/IMG_3239-e1459318773425-300x211.jpg 300w\" sizes=\"(max-width: 398px) 100vw, 398px\" \/><\/figure><\/div>\n","protected":false},"excerpt":{"rendered":"<p>Za posledn\u00e9 \u0161tyri roky pracovisku pomohli pri k\u00fape novej techniky najm\u00e4 sponzori v sume cca 130\u2013tis\u00edc eur. Teraz dostala nemocnica financie od ministerstva zdravotn\u00edctva v r\u00e1mci N\u00e1rodn\u00e9ho neonatologick\u00e9ho programu. Medzi sedem slovensk\u00fdch nemocn\u00edc prerozdelilo 1,5 mili\u00f3na eur. Klinika k\u00fapila ventil\u00e1tory na umel\u00fa p\u013e\u00facnu ventil\u00e1ciu, pr\u00edtroje na pretlakov\u00fa podporu d\u00fdchania, inf\u00fazne d\u00e1vkova\u010de a pumpy, monitory v &hellip; <\/p>\n<p class=\"link-more\"><a href=\"https:\/\/www.novorodenec.sk\/web\/?page_id=12\" class=\"more-link\">Pokra\u010dova\u0165 v \u010d\u00edtan\u00ed<span class=\"screen-reader-text\"> &#8222;Pomohli&#8220;<\/span><\/a><\/p>\n","protected":false},"author":1,"featured_media":0,"parent":0,"menu_order":0,"comment_status":"closed","ping_status":"closed","template":"","meta":{"_monsterinsights_skip_tracking":false,"_monsterinsights_sitenote_active":false,"_monsterinsights_sitenote_note":"","_monsterinsights_sitenote_category":0,"footnotes":""},"class_list":["post-12","page","type-page","status-publish","hentry"],"yoast_head":"<!-- This site is optimized with the Yoast SEO plugin v23.4 - https:\/\/yoast.com\/wordpress\/plugins\/seo\/ -->\n<title>Pomohli - Novorodenec<\/title>\n<meta name=\"robots\" content=\"index, follow, max-snippet:-1, max-image-preview:large, max-video-preview:-1\" \/>\n<link rel=\"canonical\" href=\"https:\/\/www.novorodenec.sk\/web\/?page_id=12\" \/>\n<meta property=\"og:locale\" content=\"sk_SK\" \/>\n<meta property=\"og:type\" content=\"article\" \/>\n<meta property=\"og:title\" content=\"Pomohli - Novorodenec\" \/>\n<meta property=\"og:description\" content=\"Za posledn\u00e9 \u0161tyri roky pracovisku pomohli pri k\u00fape novej techniky najm\u00e4 sponzori v sume cca 130\u2013tis\u00edc eur. Teraz dostala nemocnica financie od ministerstva zdravotn\u00edctva v r\u00e1mci N\u00e1rodn\u00e9ho neonatologick\u00e9ho programu. Medzi sedem slovensk\u00fdch nemocn\u00edc prerozdelilo 1,5 mili\u00f3na eur. Klinika k\u00fapila ventil\u00e1tory na umel\u00fa p\u013e\u00facnu ventil\u00e1ciu, pr\u00edtroje na pretlakov\u00fa podporu d\u00fdchania, inf\u00fazne d\u00e1vkova\u010de a pumpy, monitory v &hellip; Pokra\u010dova\u0165 v \u010d\u00edtan\u00ed &quot;Pomohli&quot;\" \/>\n<meta property=\"og:url\" content=\"https:\/\/www.novorodenec.sk\/web\/?page_id=12\" \/>\n<meta property=\"og:site_name\" content=\"Novorodenec\" \/>\n<meta property=\"article:modified_time\" content=\"2020-01-21T16:07:14+00:00\" \/>\n<meta property=\"og:image\" content=\"https:\/\/www.novorodenec.sk\/web\/wp-content\/uploads\/2020\/01\/IMG_3238-e1459317274273-1024x529.jpg\" \/>\n<meta name=\"twitter:card\" content=\"summary_large_image\" \/>\n<script type=\"application\/ld+json\" class=\"yoast-schema-graph\">{\"@context\":\"https:\/\/schema.org\",\"@graph\":[{\"@type\":\"WebPage\",\"@id\":\"https:\/\/www.novorodenec.sk\/web\/?page_id=12\",\"url\":\"https:\/\/www.novorodenec.sk\/web\/?page_id=12\",\"name\":\"Pomohli - Novorodenec\",\"isPartOf\":{\"@id\":\"https:\/\/www.novorodenec.sk\/web\/#website\"},\"primaryImageOfPage\":{\"@id\":\"https:\/\/www.novorodenec.sk\/web\/?page_id=12#primaryimage\"},\"image\":{\"@id\":\"https:\/\/www.novorodenec.sk\/web\/?page_id=12#primaryimage\"},\"thumbnailUrl\":\"https:\/\/www.novorodenec.sk\/web\/wp-content\/uploads\/2020\/01\/IMG_3238-e1459317274273-1024x529.jpg\",\"datePublished\":\"2020-01-21T14:12:14+00:00\",\"dateModified\":\"2020-01-21T16:07:14+00:00\",\"breadcrumb\":{\"@id\":\"https:\/\/www.novorodenec.sk\/web\/?page_id=12#breadcrumb\"},\"inLanguage\":\"sk-SK\",\"potentialAction\":[{\"@type\":\"ReadAction\",\"target\":[\"https:\/\/www.novorodenec.sk\/web\/?page_id=12\"]}]},{\"@type\":\"ImageObject\",\"inLanguage\":\"sk-SK\",\"@id\":\"https:\/\/www.novorodenec.sk\/web\/?page_id=12#primaryimage\",\"url\":\"https:\/\/www.novorodenec.sk\/web\/wp-content\/uploads\/2020\/01\/IMG_3238-e1459317274273.jpg\",\"contentUrl\":\"https:\/\/www.novorodenec.sk\/web\/wp-content\/uploads\/2020\/01\/IMG_3238-e1459317274273.jpg\",\"width\":1381,\"height\":714},{\"@type\":\"BreadcrumbList\",\"@id\":\"https:\/\/www.novorodenec.sk\/web\/?page_id=12#breadcrumb\",\"itemListElement\":[{\"@type\":\"ListItem\",\"position\":1,\"name\":\"Home\",\"item\":\"https:\/\/www.novorodenec.sk\/web\/\"},{\"@type\":\"ListItem\",\"position\":2,\"name\":\"Pomohli\"}]},{\"@type\":\"WebSite\",\"@id\":\"https:\/\/www.novorodenec.sk\/web\/#website\",\"url\":\"https:\/\/www.novorodenec.sk\/web\/\",\"name\":\"Novorodenec\",\"description\":\"www.novorodenec.sk\",\"potentialAction\":[{\"@type\":\"SearchAction\",\"target\":{\"@type\":\"EntryPoint\",\"urlTemplate\":\"https:\/\/www.novorodenec.sk\/web\/?s={search_term_string}\"},\"query-input\":{\"@type\":\"PropertyValueSpecification\",\"valueRequired\":true,\"valueName\":\"search_term_string\"}}],\"inLanguage\":\"sk-SK\"}]}<\/script>\n<!-- \/ Yoast SEO plugin. -->","yoast_head_json":{"title":"Pomohli - Novorodenec","robots":{"index":"index","follow":"follow","max-snippet":"max-snippet:-1","max-image-preview":"max-image-preview:large","max-video-preview":"max-video-preview:-1"},"canonical":"https:\/\/www.novorodenec.sk\/web\/?page_id=12","og_locale":"sk_SK","og_type":"article","og_title":"Pomohli - Novorodenec","og_description":"Za posledn\u00e9 \u0161tyri roky pracovisku pomohli pri k\u00fape novej techniky najm\u00e4 sponzori v sume cca 130\u2013tis\u00edc eur. Teraz dostala nemocnica financie od ministerstva zdravotn\u00edctva v r\u00e1mci N\u00e1rodn\u00e9ho neonatologick\u00e9ho programu. Medzi sedem slovensk\u00fdch nemocn\u00edc prerozdelilo 1,5 mili\u00f3na eur. Klinika k\u00fapila ventil\u00e1tory na umel\u00fa p\u013e\u00facnu ventil\u00e1ciu, pr\u00edtroje na pretlakov\u00fa podporu d\u00fdchania, inf\u00fazne d\u00e1vkova\u010de a pumpy, monitory v &hellip; Pokra\u010dova\u0165 v \u010d\u00edtan\u00ed \"Pomohli\"","og_url":"https:\/\/www.novorodenec.sk\/web\/?page_id=12","og_site_name":"Novorodenec","article_modified_time":"2020-01-21T16:07:14+00:00","og_image":[{"url":"https:\/\/www.novorodenec.sk\/web\/wp-content\/uploads\/2020\/01\/IMG_3238-e1459317274273-1024x529.jpg"}],"twitter_card":"summary_large_image","schema":{"@context":"https:\/\/schema.org","@graph":[{"@type":"WebPage","@id":"https:\/\/www.novorodenec.sk\/web\/?page_id=12","url":"https:\/\/www.novorodenec.sk\/web\/?page_id=12","name":"Pomohli - Novorodenec","isPartOf":{"@id":"https:\/\/www.novorodenec.sk\/web\/#website"},"primaryImageOfPage":{"@id":"https:\/\/www.novorodenec.sk\/web\/?page_id=12#primaryimage"},"image":{"@id":"https:\/\/www.novorodenec.sk\/web\/?page_id=12#primaryimage"},"thumbnailUrl":"https:\/\/www.novorodenec.sk\/web\/wp-content\/uploads\/2020\/01\/IMG_3238-e1459317274273-1024x529.jpg","datePublished":"2020-01-21T14:12:14+00:00","dateModified":"2020-01-21T16:07:14+00:00","breadcrumb":{"@id":"https:\/\/www.novorodenec.sk\/web\/?page_id=12#breadcrumb"},"inLanguage":"sk-SK","potentialAction":[{"@type":"ReadAction","target":["https:\/\/www.novorodenec.sk\/web\/?page_id=12"]}]},{"@type":"ImageObject","inLanguage":"sk-SK","@id":"https:\/\/www.novorodenec.sk\/web\/?page_id=12#primaryimage","url":"https:\/\/www.novorodenec.sk\/web\/wp-content\/uploads\/2020\/01\/IMG_3238-e1459317274273.jpg","contentUrl":"https:\/\/www.novorodenec.sk\/web\/wp-content\/uploads\/2020\/01\/IMG_3238-e1459317274273.jpg","width":1381,"height":714},{"@type":"BreadcrumbList","@id":"https:\/\/www.novorodenec.sk\/web\/?page_id=12#breadcrumb","itemListElement":[{"@type":"ListItem","position":1,"name":"Home","item":"https:\/\/www.novorodenec.sk\/web\/"},{"@type":"ListItem","position":2,"name":"Pomohli"}]},{"@type":"WebSite","@id":"https:\/\/www.novorodenec.sk\/web\/#website","url":"https:\/\/www.novorodenec.sk\/web\/","name":"Novorodenec","description":"www.novorodenec.sk","potentialAction":[{"@type":"SearchAction","target":{"@type":"EntryPoint","urlTemplate":"https:\/\/www.novorodenec.sk\/web\/?s={search_term_string}"},"query-input":{"@type":"PropertyValueSpecification","valueRequired":true,"valueName":"search_term_string"}}],"inLanguage":"sk-SK"}]}},"_links":{"self":[{"href":"https:\/\/www.novorodenec.sk\/web\/index.php?rest_route=\/wp\/v2\/pages\/12"}],"collection":[{"href":"https:\/\/www.novorodenec.sk\/web\/index.php?rest_route=\/wp\/v2\/pages"}],"about":[{"href":"https:\/\/www.novorodenec.sk\/web\/index.php?rest_route=\/wp\/v2\/types\/page"}],"author":[{"embeddable":true,"href":"https:\/\/www.novorodenec.sk\/web\/index.php?rest_route=\/wp\/v2\/users\/1"}],"replies":[{"embeddable":true,"href":"https:\/\/www.novorodenec.sk\/web\/index.php?rest_route=%2Fwp%2Fv2%2Fcomments&post=12"}],"version-history":[{"count":2,"href":"https:\/\/www.novorodenec.sk\/web\/index.php?rest_route=\/wp\/v2\/pages\/12\/revisions"}],"predecessor-version":[{"id":62,"href":"https:\/\/www.novorodenec.sk\/web\/index.php?rest_route=\/wp\/v2\/pages\/12\/revisions\/62"}],"wp:attachment":[{"href":"https:\/\/www.novorodenec.sk\/web\/index.php?rest_route=%2Fwp%2Fv2%2Fmedia&parent=12"}],"curies":[{"name":"wp","href":"https:\/\/api.w.org\/{rel}","templated":true}]}}