{"id":2,"date":"2020-01-21T12:27:52","date_gmt":"2020-01-21T11:27:52","guid":{"rendered":"https:\/\/www.novorodenec.sk\/web\/?page_id=2"},"modified":"2024-03-25T14:58:28","modified_gmt":"2024-03-25T13:58:28","slug":"ukazka-strany","status":"publish","type":"page","link":"https:\/\/www.novorodenec.sk\/web\/?page_id=2","title":{"rendered":"Ako pom\u00f4c\u0165"},"content":{"rendered":"\n<p>Na tejto podstr\u00e1nke si m\u00f4\u017eete stiahnu\u0165 tla\u010div\u00e1 potrebn\u00e9 pre pouk\u00e1zanie 2% z dane<\/p>\n\n\n\n<div class=\"wp-block-file\"><a href=\"https:\/\/www.novorodenec.sk\/web\/wp-content\/uploads\/2024\/03\/Vyhlasenie2023.pdf\">Vyhl\u00e1senie o pouk\u00e1zan\u00ed 2% z dane<\/a><a href=\"https:\/\/www.novorodenec.sk\/web\/wp-content\/uploads\/2024\/03\/Vyhlasenie2023.pdf\" class=\"wp-block-file__button\" download>Stiahnu\u0165<\/a><\/div>\n\n\n\n<div class=\"wp-block-file\"><a href=\"https:\/\/www.novorodenec.sk\/web\/wp-content\/uploads\/2024\/03\/Potvrdenie_za_2023.pdf\">Potvrdenie o zaplaten\u00ed dane z pr\u00edjmov<\/a><a href=\"https:\/\/www.novorodenec.sk\/web\/wp-content\/uploads\/2024\/03\/Potvrdenie_za_2023.pdf\" class=\"wp-block-file__button\" download>Stiahnu\u0165<\/a><\/div>\n\n\n\n<p>Na\u0161e projekty z posledn\u00fdch rokov : <\/p>\n\n\n\n<figure class=\"wp-block-image size-large\"><img loading=\"lazy\" decoding=\"async\" width=\"823\" height=\"400\" src=\"https:\/\/www.novorodenec.sk\/web\/wp-content\/uploads\/2020\/02\/20180316_130000.jpg\" alt=\"\" class=\"wp-image-132\" srcset=\"https:\/\/www.novorodenec.sk\/web\/wp-content\/uploads\/2020\/02\/20180316_130000.jpg 823w, https:\/\/www.novorodenec.sk\/web\/wp-content\/uploads\/2020\/02\/20180316_130000-300x146.jpg 300w, https:\/\/www.novorodenec.sk\/web\/wp-content\/uploads\/2020\/02\/20180316_130000-768x373.jpg 768w\" sizes=\"(max-width: 706px) 89vw, (max-width: 767px) 82vw, 740px\" \/><figcaption>Ods\u00e1v\u00e1re\u0148 matersk\u00e9ho mlieka  a d\u00f4stojn\u00fd priestor pre mami\u010dky<\/figcaption><\/figure>\n\n\n\n<figure class=\"wp-block-image size-large\"><img loading=\"lazy\" decoding=\"async\" width=\"823\" height=\"400\" src=\"https:\/\/www.novorodenec.sk\/web\/wp-content\/uploads\/2020\/02\/20180316_130052.jpg\" alt=\"\" class=\"wp-image-133\" srcset=\"https:\/\/www.novorodenec.sk\/web\/wp-content\/uploads\/2020\/02\/20180316_130052.jpg 823w, https:\/\/www.novorodenec.sk\/web\/wp-content\/uploads\/2020\/02\/20180316_130052-300x146.jpg 300w, https:\/\/www.novorodenec.sk\/web\/wp-content\/uploads\/2020\/02\/20180316_130052-768x373.jpg 768w\" sizes=\"(max-width: 706px) 89vw, (max-width: 767px) 82vw, 740px\" \/><figcaption> Ods\u00e1v\u00e1re\u0148 matersk\u00e9ho mlieka  a d\u00f4stojn\u00fd priestor pre mami\u010dky <\/figcaption><\/figure>\n\n\n\n<figure class=\"wp-block-image size-large\"><img loading=\"lazy\" decoding=\"async\" width=\"823\" height=\"400\" src=\"https:\/\/www.novorodenec.sk\/web\/wp-content\/uploads\/2020\/02\/20180316_130105.jpg\" alt=\"\" class=\"wp-image-134\" srcset=\"https:\/\/www.novorodenec.sk\/web\/wp-content\/uploads\/2020\/02\/20180316_130105.jpg 823w, https:\/\/www.novorodenec.sk\/web\/wp-content\/uploads\/2020\/02\/20180316_130105-300x146.jpg 300w, https:\/\/www.novorodenec.sk\/web\/wp-content\/uploads\/2020\/02\/20180316_130105-768x373.jpg 768w\" sizes=\"(max-width: 706px) 89vw, (max-width: 767px) 82vw, 740px\" \/><figcaption> Ods\u00e1v\u00e1re\u0148 matersk\u00e9ho mlieka  a d\u00f4stojn\u00fd priestor pre mami\u010dky <\/figcaption><\/figure>\n\n\n\n<figure class=\"wp-block-image size-large\"><img loading=\"lazy\" decoding=\"async\" width=\"823\" height=\"400\" src=\"https:\/\/www.novorodenec.sk\/web\/wp-content\/uploads\/2020\/02\/20180316_130114.jpg\" alt=\"\" class=\"wp-image-135\" srcset=\"https:\/\/www.novorodenec.sk\/web\/wp-content\/uploads\/2020\/02\/20180316_130114.jpg 823w, https:\/\/www.novorodenec.sk\/web\/wp-content\/uploads\/2020\/02\/20180316_130114-300x146.jpg 300w, https:\/\/www.novorodenec.sk\/web\/wp-content\/uploads\/2020\/02\/20180316_130114-768x373.jpg 768w\" sizes=\"(max-width: 706px) 89vw, (max-width: 767px) 82vw, 740px\" \/><figcaption> Ods\u00e1v\u00e1re\u0148 matersk\u00e9ho mlieka  a d\u00f4stojn\u00fd priestor pre mami\u010dky <\/figcaption><\/figure>\n\n\n\n<figure class=\"wp-block-image size-large\"><img loading=\"lazy\" decoding=\"async\" width=\"823\" height=\"400\" src=\"https:\/\/www.novorodenec.sk\/web\/wp-content\/uploads\/2020\/02\/20180316_130028.jpg\" alt=\"\" class=\"wp-image-136\" srcset=\"https:\/\/www.novorodenec.sk\/web\/wp-content\/uploads\/2020\/02\/20180316_130028.jpg 823w, https:\/\/www.novorodenec.sk\/web\/wp-content\/uploads\/2020\/02\/20180316_130028-300x146.jpg 300w, https:\/\/www.novorodenec.sk\/web\/wp-content\/uploads\/2020\/02\/20180316_130028-768x373.jpg 768w\" sizes=\"(max-width: 706px) 89vw, (max-width: 767px) 82vw, 740px\" \/><figcaption> Ods\u00e1v\u00e1re\u0148 matersk\u00e9ho mlieka  a d\u00f4stojn\u00fd priestor pre mami\u010dky <\/figcaption><\/figure>\n\n\n\n<figure class=\"wp-block-image size-large\"><img loading=\"lazy\" decoding=\"async\" width=\"498\" height=\"1024\" src=\"https:\/\/www.novorodenec.sk\/web\/wp-content\/uploads\/2020\/02\/20180206_092820-1-498x1024.jpg\" alt=\"\" class=\"wp-image-137\" srcset=\"https:\/\/www.novorodenec.sk\/web\/wp-content\/uploads\/2020\/02\/20180206_092820-1-498x1024.jpg 498w, https:\/\/www.novorodenec.sk\/web\/wp-content\/uploads\/2020\/02\/20180206_092820-1-146x300.jpg 146w, https:\/\/www.novorodenec.sk\/web\/wp-content\/uploads\/2020\/02\/20180206_092820-1-768x1580.jpg 768w, https:\/\/www.novorodenec.sk\/web\/wp-content\/uploads\/2020\/02\/20180206_092820-1-747x1536.jpg 747w, https:\/\/www.novorodenec.sk\/web\/wp-content\/uploads\/2020\/02\/20180206_092820-1-996x2048.jpg 996w, https:\/\/www.novorodenec.sk\/web\/wp-content\/uploads\/2020\/02\/20180206_092820-1-scaled.jpg 1244w\" sizes=\"(max-width: 498px) 100vw, 498px\" \/><figcaption>Ultrasonografick\u00fd pr\u00edstroj  pre ak\u00fatnu diagnostiku hne\u010f ved\u013ea p\u00f4rodnej s\u00e1ly <\/figcaption><\/figure>\n\n\n\n<figure class=\"wp-block-image size-large\"><img loading=\"lazy\" decoding=\"async\" width=\"498\" height=\"1024\" src=\"https:\/\/www.novorodenec.sk\/web\/wp-content\/uploads\/2020\/02\/20180201_092451-498x1024.jpg\" alt=\"\" class=\"wp-image-138\" srcset=\"https:\/\/www.novorodenec.sk\/web\/wp-content\/uploads\/2020\/02\/20180201_092451-498x1024.jpg 498w, https:\/\/www.novorodenec.sk\/web\/wp-content\/uploads\/2020\/02\/20180201_092451-146x300.jpg 146w, https:\/\/www.novorodenec.sk\/web\/wp-content\/uploads\/2020\/02\/20180201_092451-768x1580.jpg 768w, https:\/\/www.novorodenec.sk\/web\/wp-content\/uploads\/2020\/02\/20180201_092451-747x1536.jpg 747w, https:\/\/www.novorodenec.sk\/web\/wp-content\/uploads\/2020\/02\/20180201_092451-996x2048.jpg 996w, https:\/\/www.novorodenec.sk\/web\/wp-content\/uploads\/2020\/02\/20180201_092451-scaled.jpg 1244w\" sizes=\"(max-width: 498px) 100vw, 498px\" \/><figcaption>Monitory miesto krvn\u00fdch odberov <\/figcaption><\/figure>\n\n\n","protected":false},"excerpt":{"rendered":"<p>Na tejto podstr\u00e1nke si m\u00f4\u017eete stiahnu\u0165 tla\u010div\u00e1 potrebn\u00e9 pre pouk\u00e1zanie 2% z dane Na\u0161e projekty z posledn\u00fdch rokov :<\/p>\n","protected":false},"author":1,"featured_media":0,"parent":0,"menu_order":0,"comment_status":"closed","ping_status":"open","template":"","meta":{"_monsterinsights_skip_tracking":false,"_monsterinsights_sitenote_active":false,"_monsterinsights_sitenote_note":"","_monsterinsights_sitenote_category":0,"footnotes":""},"class_list":["post-2","page","type-page","status-publish","hentry"],"yoast_head":"<!-- This site is optimized with the Yoast SEO plugin v23.4 - https:\/\/yoast.com\/wordpress\/plugins\/seo\/ -->\n<title>Ako pom\u00f4c\u0165 - Novorodenec<\/title>\n<meta name=\"robots\" content=\"index, follow, max-snippet:-1, max-image-preview:large, max-video-preview:-1\" \/>\n<link rel=\"canonical\" href=\"https:\/\/www.novorodenec.sk\/web\/?page_id=2\" \/>\n<meta property=\"og:locale\" content=\"sk_SK\" \/>\n<meta property=\"og:type\" content=\"article\" \/>\n<meta property=\"og:title\" content=\"Ako pom\u00f4c\u0165 - Novorodenec\" \/>\n<meta property=\"og:description\" content=\"Na tejto podstr\u00e1nke si m\u00f4\u017eete stiahnu\u0165 tla\u010div\u00e1 potrebn\u00e9 pre pouk\u00e1zanie 2% z dane Na\u0161e projekty z posledn\u00fdch rokov :\" \/>\n<meta property=\"og:url\" content=\"https:\/\/www.novorodenec.sk\/web\/?page_id=2\" \/>\n<meta property=\"og:site_name\" content=\"Novorodenec\" \/>\n<meta property=\"article:modified_time\" content=\"2024-03-25T13:58:28+00:00\" \/>\n<meta property=\"og:image\" content=\"https:\/\/www.novorodenec.sk\/web\/wp-content\/uploads\/2020\/02\/20180316_130000.jpg\" \/>\n<meta name=\"twitter:card\" content=\"summary_large_image\" \/>\n<meta name=\"twitter:label1\" content=\"Predpokladan\u00fd \u010das \u010d\u00edtania\" \/>\n\t<meta name=\"twitter:data1\" content=\"1 min\u00fata\" \/>\n<script type=\"application\/ld+json\" class=\"yoast-schema-graph\">{\"@context\":\"https:\/\/schema.org\",\"@graph\":[{\"@type\":\"WebPage\",\"@id\":\"https:\/\/www.novorodenec.sk\/web\/?page_id=2\",\"url\":\"https:\/\/www.novorodenec.sk\/web\/?page_id=2\",\"name\":\"Ako pom\u00f4c\u0165 - Novorodenec\",\"isPartOf\":{\"@id\":\"https:\/\/www.novorodenec.sk\/web\/#website\"},\"primaryImageOfPage\":{\"@id\":\"https:\/\/www.novorodenec.sk\/web\/?page_id=2#primaryimage\"},\"image\":{\"@id\":\"https:\/\/www.novorodenec.sk\/web\/?page_id=2#primaryimage\"},\"thumbnailUrl\":\"https:\/\/www.novorodenec.sk\/web\/wp-content\/uploads\/2020\/02\/20180316_130000.jpg\",\"datePublished\":\"2020-01-21T11:27:52+00:00\",\"dateModified\":\"2024-03-25T13:58:28+00:00\",\"breadcrumb\":{\"@id\":\"https:\/\/www.novorodenec.sk\/web\/?page_id=2#breadcrumb\"},\"inLanguage\":\"sk-SK\",\"potentialAction\":[{\"@type\":\"ReadAction\",\"target\":[\"https:\/\/www.novorodenec.sk\/web\/?page_id=2\"]}]},{\"@type\":\"ImageObject\",\"inLanguage\":\"sk-SK\",\"@id\":\"https:\/\/www.novorodenec.sk\/web\/?page_id=2#primaryimage\",\"url\":\"https:\/\/www.novorodenec.sk\/web\/wp-content\/uploads\/2020\/02\/20180316_130000.jpg\",\"contentUrl\":\"https:\/\/www.novorodenec.sk\/web\/wp-content\/uploads\/2020\/02\/20180316_130000.jpg\",\"width\":823,\"height\":400},{\"@type\":\"BreadcrumbList\",\"@id\":\"https:\/\/www.novorodenec.sk\/web\/?page_id=2#breadcrumb\",\"itemListElement\":[{\"@type\":\"ListItem\",\"position\":1,\"name\":\"Home\",\"item\":\"https:\/\/www.novorodenec.sk\/web\/\"},{\"@type\":\"ListItem\",\"position\":2,\"name\":\"Ako pom\u00f4c\u0165\"}]},{\"@type\":\"WebSite\",\"@id\":\"https:\/\/www.novorodenec.sk\/web\/#website\",\"url\":\"https:\/\/www.novorodenec.sk\/web\/\",\"name\":\"Novorodenec\",\"description\":\"www.novorodenec.sk\",\"potentialAction\":[{\"@type\":\"SearchAction\",\"target\":{\"@type\":\"EntryPoint\",\"urlTemplate\":\"https:\/\/www.novorodenec.sk\/web\/?s={search_term_string}\"},\"query-input\":{\"@type\":\"PropertyValueSpecification\",\"valueRequired\":true,\"valueName\":\"search_term_string\"}}],\"inLanguage\":\"sk-SK\"}]}<\/script>\n<!-- \/ Yoast SEO plugin. -->","yoast_head_json":{"title":"Ako pom\u00f4c\u0165 - Novorodenec","robots":{"index":"index","follow":"follow","max-snippet":"max-snippet:-1","max-image-preview":"max-image-preview:large","max-video-preview":"max-video-preview:-1"},"canonical":"https:\/\/www.novorodenec.sk\/web\/?page_id=2","og_locale":"sk_SK","og_type":"article","og_title":"Ako pom\u00f4c\u0165 - Novorodenec","og_description":"Na tejto podstr\u00e1nke si m\u00f4\u017eete stiahnu\u0165 tla\u010div\u00e1 potrebn\u00e9 pre pouk\u00e1zanie 2% z dane Na\u0161e projekty z posledn\u00fdch rokov :","og_url":"https:\/\/www.novorodenec.sk\/web\/?page_id=2","og_site_name":"Novorodenec","article_modified_time":"2024-03-25T13:58:28+00:00","og_image":[{"url":"https:\/\/www.novorodenec.sk\/web\/wp-content\/uploads\/2020\/02\/20180316_130000.jpg"}],"twitter_card":"summary_large_image","twitter_misc":{"Predpokladan\u00fd \u010das \u010d\u00edtania":"1 min\u00fata"},"schema":{"@context":"https:\/\/schema.org","@graph":[{"@type":"WebPage","@id":"https:\/\/www.novorodenec.sk\/web\/?page_id=2","url":"https:\/\/www.novorodenec.sk\/web\/?page_id=2","name":"Ako pom\u00f4c\u0165 - Novorodenec","isPartOf":{"@id":"https:\/\/www.novorodenec.sk\/web\/#website"},"primaryImageOfPage":{"@id":"https:\/\/www.novorodenec.sk\/web\/?page_id=2#primaryimage"},"image":{"@id":"https:\/\/www.novorodenec.sk\/web\/?page_id=2#primaryimage"},"thumbnailUrl":"https:\/\/www.novorodenec.sk\/web\/wp-content\/uploads\/2020\/02\/20180316_130000.jpg","datePublished":"2020-01-21T11:27:52+00:00","dateModified":"2024-03-25T13:58:28+00:00","breadcrumb":{"@id":"https:\/\/www.novorodenec.sk\/web\/?page_id=2#breadcrumb"},"inLanguage":"sk-SK","potentialAction":[{"@type":"ReadAction","target":["https:\/\/www.novorodenec.sk\/web\/?page_id=2"]}]},{"@type":"ImageObject","inLanguage":"sk-SK","@id":"https:\/\/www.novorodenec.sk\/web\/?page_id=2#primaryimage","url":"https:\/\/www.novorodenec.sk\/web\/wp-content\/uploads\/2020\/02\/20180316_130000.jpg","contentUrl":"https:\/\/www.novorodenec.sk\/web\/wp-content\/uploads\/2020\/02\/20180316_130000.jpg","width":823,"height":400},{"@type":"BreadcrumbList","@id":"https:\/\/www.novorodenec.sk\/web\/?page_id=2#breadcrumb","itemListElement":[{"@type":"ListItem","position":1,"name":"Home","item":"https:\/\/www.novorodenec.sk\/web\/"},{"@type":"ListItem","position":2,"name":"Ako pom\u00f4c\u0165"}]},{"@type":"WebSite","@id":"https:\/\/www.novorodenec.sk\/web\/#website","url":"https:\/\/www.novorodenec.sk\/web\/","name":"Novorodenec","description":"www.novorodenec.sk","potentialAction":[{"@type":"SearchAction","target":{"@type":"EntryPoint","urlTemplate":"https:\/\/www.novorodenec.sk\/web\/?s={search_term_string}"},"query-input":{"@type":"PropertyValueSpecification","valueRequired":true,"valueName":"search_term_string"}}],"inLanguage":"sk-SK"}]}},"_links":{"self":[{"href":"https:\/\/www.novorodenec.sk\/web\/index.php?rest_route=\/wp\/v2\/pages\/2"}],"collection":[{"href":"https:\/\/www.novorodenec.sk\/web\/index.php?rest_route=\/wp\/v2\/pages"}],"about":[{"href":"https:\/\/www.novorodenec.sk\/web\/index.php?rest_route=\/wp\/v2\/types\/page"}],"author":[{"embeddable":true,"href":"https:\/\/www.novorodenec.sk\/web\/index.php?rest_route=\/wp\/v2\/users\/1"}],"replies":[{"embeddable":true,"href":"https:\/\/www.novorodenec.sk\/web\/index.php?rest_route=%2Fwp%2Fv2%2Fcomments&post=2"}],"version-history":[{"count":6,"href":"https:\/\/www.novorodenec.sk\/web\/index.php?rest_route=\/wp\/v2\/pages\/2\/revisions"}],"predecessor-version":[{"id":152,"href":"https:\/\/www.novorodenec.sk\/web\/index.php?rest_route=\/wp\/v2\/pages\/2\/revisions\/152"}],"wp:attachment":[{"href":"https:\/\/www.novorodenec.sk\/web\/index.php?rest_route=%2Fwp%2Fv2%2Fmedia&parent=2"}],"curies":[{"name":"wp","href":"https:\/\/api.w.org\/{rel}","templated":true}]}}