{"id":67,"date":"2020-01-22T10:20:48","date_gmt":"2020-01-22T09:20:48","guid":{"rendered":"https:\/\/www.novorodenec.sk\/web\/?page_id=67"},"modified":"2020-02-04T14:16:34","modified_gmt":"2020-02-04T13:16:34","slug":"videa","status":"publish","type":"page","link":"https:\/\/www.novorodenec.sk\/web\/?page_id=67","title":{"rendered":"Vide\u00e1"},"content":{"rendered":"\n<figure class=\"wp-block-embed-youtube wp-block-embed is-type-video is-provider-youtube wp-embed-aspect-16-9 wp-has-aspect-ratio\"><div class=\"wp-block-embed__wrapper\">\n<iframe loading=\"lazy\" title=\"Mikrobiom, metagenom a \u010do by sme o \u0148om mali vedie\u0165\" width=\"525\" height=\"295\" src=\"https:\/\/www.youtube.com\/embed\/-HRgYN6AaFk?feature=oembed\" frameborder=\"0\" allow=\"accelerometer; autoplay; clipboard-write; encrypted-media; gyroscope; picture-in-picture; web-share\" referrerpolicy=\"strict-origin-when-cross-origin\" allowfullscreen><\/iframe>\n<\/div><\/figure>\n\n\n\n<figure class=\"wp-block-embed-youtube wp-block-embed is-type-video is-provider-youtube wp-embed-aspect-16-9 wp-has-aspect-ratio\"><div class=\"wp-block-embed__wrapper\">\n<iframe loading=\"lazy\" title=\"8. Neonatal Conference in Ko\u0161ice Slovakia\" width=\"525\" height=\"295\" src=\"https:\/\/www.youtube.com\/embed\/wQjpgrkrIy8?feature=oembed\" frameborder=\"0\" allow=\"accelerometer; autoplay; clipboard-write; encrypted-media; gyroscope; picture-in-picture; web-share\" referrerpolicy=\"strict-origin-when-cross-origin\" allowfullscreen><\/iframe>\n<\/div><\/figure>\n\n\n\n<figure class=\"wp-block-embed-youtube wp-block-embed is-type-video is-provider-youtube wp-embed-aspect-16-9 wp-has-aspect-ratio\"><div class=\"wp-block-embed__wrapper\">\n<iframe loading=\"lazy\" title=\"Centr\u00e1 pre matku a dieta v Eur\u00f3pe a na Slovensku\" width=\"525\" height=\"295\" src=\"https:\/\/www.youtube.com\/embed\/hjdJBUSaeX4?start=6&#038;feature=oembed\" frameborder=\"0\" allow=\"accelerometer; autoplay; clipboard-write; encrypted-media; gyroscope; picture-in-picture; web-share\" referrerpolicy=\"strict-origin-when-cross-origin\" allowfullscreen><\/iframe>\n<\/div><\/figure>\n\n\n\n<figure class=\"wp-block-embed-youtube wp-block-embed is-type-video is-provider-youtube wp-embed-aspect-16-9 wp-has-aspect-ratio\"><div class=\"wp-block-embed__wrapper\">\n<iframe loading=\"lazy\" title=\"Humaniz\u00e1cia starostlivosti v neonatol\u00f3gii\" width=\"525\" height=\"295\" src=\"https:\/\/www.youtube.com\/embed\/3PyNY24T8s0?feature=oembed\" frameborder=\"0\" allow=\"accelerometer; autoplay; clipboard-write; encrypted-media; gyroscope; picture-in-picture; web-share\" referrerpolicy=\"strict-origin-when-cross-origin\" allowfullscreen><\/iframe>\n<\/div><\/figure>\n\n\n\n<figure class=\"wp-block-embed-youtube wp-block-embed is-type-video is-provider-youtube wp-embed-aspect-16-9 wp-has-aspect-ratio\"><div class=\"wp-block-embed__wrapper\">\n<iframe loading=\"lazy\" title=\"Simul\u00e1tor na v\u00fdu\u010dbu ultrasonografie\" width=\"525\" height=\"295\" src=\"https:\/\/www.youtube.com\/embed\/KkpsoIe7piE?feature=oembed\" frameborder=\"0\" allow=\"accelerometer; autoplay; clipboard-write; encrypted-media; gyroscope; picture-in-picture; web-share\" referrerpolicy=\"strict-origin-when-cross-origin\" allowfullscreen><\/iframe>\n<\/div><\/figure>\n\n\n\n<figure class=\"wp-block-embed-youtube wp-block-embed is-type-video is-provider-youtube wp-embed-aspect-16-9 wp-has-aspect-ratio\"><div class=\"wp-block-embed__wrapper\">\n<iframe loading=\"lazy\" title=\"Neonatal Transport\" width=\"525\" height=\"295\" src=\"https:\/\/www.youtube.com\/embed\/YIaSYplCa3Q?feature=oembed\" frameborder=\"0\" allow=\"accelerometer; autoplay; clipboard-write; encrypted-media; gyroscope; picture-in-picture; web-share\" referrerpolicy=\"strict-origin-when-cross-origin\" allowfullscreen><\/iframe>\n<\/div><\/figure>\n\n\n\n<figure class=\"wp-block-embed-youtube wp-block-embed is-type-video is-provider-youtube wp-embed-aspect-16-9 wp-has-aspect-ratio\"><div class=\"wp-block-embed__wrapper\">\n<iframe loading=\"lazy\" title=\"novorodenec n.o. Pr\u00edbehy det\u00ed 1\" width=\"525\" height=\"295\" src=\"https:\/\/www.youtube.com\/embed\/K8SYeWrxP6A?feature=oembed\" frameborder=\"0\" allow=\"accelerometer; autoplay; clipboard-write; encrypted-media; gyroscope; picture-in-picture; web-share\" referrerpolicy=\"strict-origin-when-cross-origin\" allowfullscreen><\/iframe>\n<\/div><\/figure>\n\n\n\n<figure class=\"wp-block-embed-youtube wp-block-embed is-type-video is-provider-youtube wp-embed-aspect-16-9 wp-has-aspect-ratio\"><div class=\"wp-block-embed__wrapper\">\n<iframe loading=\"lazy\" title=\"Ko\u0161ick\u00e9 osobnosti - Peter Krcho\" width=\"525\" height=\"295\" src=\"https:\/\/www.youtube.com\/embed\/4BO9_h5WRrk?feature=oembed\" frameborder=\"0\" allow=\"accelerometer; autoplay; clipboard-write; encrypted-media; gyroscope; picture-in-picture; web-share\" referrerpolicy=\"strict-origin-when-cross-origin\" allowfullscreen><\/iframe>\n<\/div><\/figure>\n","protected":false},"excerpt":{"rendered":"","protected":false},"author":1,"featured_media":0,"parent":0,"menu_order":0,"comment_status":"closed","ping_status":"closed","template":"","meta":{"_monsterinsights_skip_tracking":false,"_monsterinsights_sitenote_active":false,"_monsterinsights_sitenote_note":"","_monsterinsights_sitenote_category":0,"footnotes":""},"class_list":["post-67","page","type-page","status-publish","hentry"],"yoast_head":"<!-- This site is optimized with the Yoast SEO plugin v23.4 - https:\/\/yoast.com\/wordpress\/plugins\/seo\/ -->\n<title>Vide\u00e1 - Novorodenec<\/title>\n<meta name=\"robots\" content=\"index, follow, max-snippet:-1, max-image-preview:large, max-video-preview:-1\" \/>\n<link rel=\"canonical\" href=\"https:\/\/www.novorodenec.sk\/web\/?page_id=67\" \/>\n<meta property=\"og:locale\" content=\"sk_SK\" \/>\n<meta property=\"og:type\" content=\"article\" \/>\n<meta property=\"og:title\" content=\"Vide\u00e1 - Novorodenec\" \/>\n<meta property=\"og:url\" content=\"https:\/\/www.novorodenec.sk\/web\/?page_id=67\" \/>\n<meta property=\"og:site_name\" content=\"Novorodenec\" \/>\n<meta property=\"article:modified_time\" content=\"2020-02-04T13:16:34+00:00\" \/>\n<meta name=\"twitter:card\" content=\"summary_large_image\" \/>\n<script type=\"application\/ld+json\" class=\"yoast-schema-graph\">{\"@context\":\"https:\/\/schema.org\",\"@graph\":[{\"@type\":\"WebPage\",\"@id\":\"https:\/\/www.novorodenec.sk\/web\/?page_id=67\",\"url\":\"https:\/\/www.novorodenec.sk\/web\/?page_id=67\",\"name\":\"Vide\u00e1 - Novorodenec\",\"isPartOf\":{\"@id\":\"https:\/\/www.novorodenec.sk\/web\/#website\"},\"datePublished\":\"2020-01-22T09:20:48+00:00\",\"dateModified\":\"2020-02-04T13:16:34+00:00\",\"breadcrumb\":{\"@id\":\"https:\/\/www.novorodenec.sk\/web\/?page_id=67#breadcrumb\"},\"inLanguage\":\"sk-SK\",\"potentialAction\":[{\"@type\":\"ReadAction\",\"target\":[\"https:\/\/www.novorodenec.sk\/web\/?page_id=67\"]}]},{\"@type\":\"BreadcrumbList\",\"@id\":\"https:\/\/www.novorodenec.sk\/web\/?page_id=67#breadcrumb\",\"itemListElement\":[{\"@type\":\"ListItem\",\"position\":1,\"name\":\"Home\",\"item\":\"https:\/\/www.novorodenec.sk\/web\/\"},{\"@type\":\"ListItem\",\"position\":2,\"name\":\"Vide\u00e1\"}]},{\"@type\":\"WebSite\",\"@id\":\"https:\/\/www.novorodenec.sk\/web\/#website\",\"url\":\"https:\/\/www.novorodenec.sk\/web\/\",\"name\":\"Novorodenec\",\"description\":\"www.novorodenec.sk\",\"potentialAction\":[{\"@type\":\"SearchAction\",\"target\":{\"@type\":\"EntryPoint\",\"urlTemplate\":\"https:\/\/www.novorodenec.sk\/web\/?s={search_term_string}\"},\"query-input\":{\"@type\":\"PropertyValueSpecification\",\"valueRequired\":true,\"valueName\":\"search_term_string\"}}],\"inLanguage\":\"sk-SK\"}]}<\/script>\n<!-- \/ Yoast SEO plugin. -->","yoast_head_json":{"title":"Vide\u00e1 - Novorodenec","robots":{"index":"index","follow":"follow","max-snippet":"max-snippet:-1","max-image-preview":"max-image-preview:large","max-video-preview":"max-video-preview:-1"},"canonical":"https:\/\/www.novorodenec.sk\/web\/?page_id=67","og_locale":"sk_SK","og_type":"article","og_title":"Vide\u00e1 - Novorodenec","og_url":"https:\/\/www.novorodenec.sk\/web\/?page_id=67","og_site_name":"Novorodenec","article_modified_time":"2020-02-04T13:16:34+00:00","twitter_card":"summary_large_image","schema":{"@context":"https:\/\/schema.org","@graph":[{"@type":"WebPage","@id":"https:\/\/www.novorodenec.sk\/web\/?page_id=67","url":"https:\/\/www.novorodenec.sk\/web\/?page_id=67","name":"Vide\u00e1 - Novorodenec","isPartOf":{"@id":"https:\/\/www.novorodenec.sk\/web\/#website"},"datePublished":"2020-01-22T09:20:48+00:00","dateModified":"2020-02-04T13:16:34+00:00","breadcrumb":{"@id":"https:\/\/www.novorodenec.sk\/web\/?page_id=67#breadcrumb"},"inLanguage":"sk-SK","potentialAction":[{"@type":"ReadAction","target":["https:\/\/www.novorodenec.sk\/web\/?page_id=67"]}]},{"@type":"BreadcrumbList","@id":"https:\/\/www.novorodenec.sk\/web\/?page_id=67#breadcrumb","itemListElement":[{"@type":"ListItem","position":1,"name":"Home","item":"https:\/\/www.novorodenec.sk\/web\/"},{"@type":"ListItem","position":2,"name":"Vide\u00e1"}]},{"@type":"WebSite","@id":"https:\/\/www.novorodenec.sk\/web\/#website","url":"https:\/\/www.novorodenec.sk\/web\/","name":"Novorodenec","description":"www.novorodenec.sk","potentialAction":[{"@type":"SearchAction","target":{"@type":"EntryPoint","urlTemplate":"https:\/\/www.novorodenec.sk\/web\/?s={search_term_string}"},"query-input":{"@type":"PropertyValueSpecification","valueRequired":true,"valueName":"search_term_string"}}],"inLanguage":"sk-SK"}]}},"_links":{"self":[{"href":"https:\/\/www.novorodenec.sk\/web\/index.php?rest_route=\/wp\/v2\/pages\/67"}],"collection":[{"href":"https:\/\/www.novorodenec.sk\/web\/index.php?rest_route=\/wp\/v2\/pages"}],"about":[{"href":"https:\/\/www.novorodenec.sk\/web\/index.php?rest_route=\/wp\/v2\/types\/page"}],"author":[{"embeddable":true,"href":"https:\/\/www.novorodenec.sk\/web\/index.php?rest_route=\/wp\/v2\/users\/1"}],"replies":[{"embeddable":true,"href":"https:\/\/www.novorodenec.sk\/web\/index.php?rest_route=%2Fwp%2Fv2%2Fcomments&post=67"}],"version-history":[{"count":4,"href":"https:\/\/www.novorodenec.sk\/web\/index.php?rest_route=\/wp\/v2\/pages\/67\/revisions"}],"predecessor-version":[{"id":123,"href":"https:\/\/www.novorodenec.sk\/web\/index.php?rest_route=\/wp\/v2\/pages\/67\/revisions\/123"}],"wp:attachment":[{"href":"https:\/\/www.novorodenec.sk\/web\/index.php?rest_route=%2Fwp%2Fv2%2Fmedia&parent=67"}],"curies":[{"name":"wp","href":"https:\/\/api.w.org\/{rel}","templated":true}]}}