{"id":8,"date":"2020-01-21T15:11:40","date_gmt":"2020-01-21T14:11:40","guid":{"rendered":"https:\/\/www.novorodenec.sk\/web\/?page_id=8"},"modified":"2020-02-01T18:55:06","modified_gmt":"2020-02-01T17:55:06","slug":"o-nas","status":"publish","type":"page","link":"https:\/\/www.novorodenec.sk\/web\/?page_id=8","title":{"rendered":"O n\u00e1s"},"content":{"rendered":"\n<p>Na\u0161a neziskov\u00e1 organiz\u00e1cia podporuje neonatol\u00f3giu v regi\u00f3ne V\u00fdchodoslovensk\u00e9ho kraja, sleduje v\u00fdsledky dosahovan\u00e9 pracoviskami, navrhuje a organizuje odborn\u00e9 vzdel\u00e1vacie kurzy a buduje koncep\u010dn\u00e9 rie\u0161enie starostlivosti o matku a die\u0165a.<\/p>\n\n\n\n<p> Podporuje pracovisk\u00e1,  ktor\u00e9 maj\u00fa vysok\u00e9 percento novorodencov na neinvaz\u00edvnej a riadenej ventil\u00e1cii, najm\u00e4 tie najkomplikovanej\u0161ie extr\u00e9mne nezrel\u00e9 pr\u00edpady novorodencov. V\u00fdraznou mierou sa podie\u013ea na \u0161koleniach a odborn\u00fdch kurzoch v oblasti resuscit\u00e1cie novorodencov, stabiliz\u00e1cie na p\u00f4rodnej s\u00e1le, stanovovan\u00ed presnej diagn\u00f3zy pomocou neinvaz\u00edvnych diagnostick\u00fdch met\u00f3d a navrhovan\u00ed cielenej terapie. <\/p>\n\n\n\n<p>U\u017e pravidelne od roku 2005 organizuje v\u00fdznamn\u00e9 medzin\u00e1rodn\u00e9 neonatologick\u00e9 kongresy v Ko\u0161iciach za \u00fa\u010dasti expertov z USA, Ve\u013ekej Brit\u00e1nie, \u0160panielska, F\u00ednska, Ma\u010farska, Kataru , \u010ceskej republiky a Slovenska. <\/p>\n\n\n\n<p>Podporuje v\u010dasn\u00fa diagnostiku n\u00e1hleho ohrozenia novorodenca s okam\u017eitou intervenciou, celotelov\u00fa ultrasonografiu, celotelov\u00e9 chladenie, aplik\u00e1ciu iNO pri zlyh\u00e1van\u00ed p\u013e\u00facnej cirkul\u00e1cie a mana\u017ement extr\u00e9mnej nezrelosti.  Podporuje centraliz\u00e1ciu starostlivosti o matku a jej rizikov\u00e9 die\u0165a. <\/p>\n\n\n\n<figure class=\"wp-block-image size-large\"><img loading=\"lazy\" decoding=\"async\" width=\"750\" height=\"500\" src=\"https:\/\/www.novorodenec.sk\/web\/wp-content\/uploads\/2020\/02\/ii.jpg\" alt=\"\" class=\"wp-image-82\" srcset=\"https:\/\/www.novorodenec.sk\/web\/wp-content\/uploads\/2020\/02\/ii.jpg 750w, https:\/\/www.novorodenec.sk\/web\/wp-content\/uploads\/2020\/02\/ii-300x200.jpg 300w\" sizes=\"(max-width: 706px) 89vw, (max-width: 767px) 82vw, 740px\" \/><\/figure>\n\n\n\n<figure class=\"wp-block-image size-large\"><img loading=\"lazy\" decoding=\"async\" width=\"750\" height=\"500\" src=\"https:\/\/www.novorodenec.sk\/web\/wp-content\/uploads\/2020\/02\/aa.jpg\" alt=\"\" class=\"wp-image-83\" srcset=\"https:\/\/www.novorodenec.sk\/web\/wp-content\/uploads\/2020\/02\/aa.jpg 750w, https:\/\/www.novorodenec.sk\/web\/wp-content\/uploads\/2020\/02\/aa-300x200.jpg 300w\" sizes=\"(max-width: 706px) 89vw, (max-width: 767px) 82vw, 740px\" \/><\/figure>\n\n\n\n<figure class=\"wp-block-image size-large\"><img loading=\"lazy\" decoding=\"async\" width=\"750\" height=\"500\" src=\"https:\/\/www.novorodenec.sk\/web\/wp-content\/uploads\/2020\/02\/ll.jpg\" alt=\"\" class=\"wp-image-84\" srcset=\"https:\/\/www.novorodenec.sk\/web\/wp-content\/uploads\/2020\/02\/ll.jpg 750w, https:\/\/www.novorodenec.sk\/web\/wp-content\/uploads\/2020\/02\/ll-300x200.jpg 300w\" sizes=\"(max-width: 706px) 89vw, (max-width: 767px) 82vw, 740px\" \/><\/figure>\n\n\n\n<figure class=\"wp-block-image size-large\"><img loading=\"lazy\" decoding=\"async\" width=\"750\" height=\"500\" src=\"https:\/\/www.novorodenec.sk\/web\/wp-content\/uploads\/2020\/02\/oo.jpg\" alt=\"\" class=\"wp-image-85\" srcset=\"https:\/\/www.novorodenec.sk\/web\/wp-content\/uploads\/2020\/02\/oo.jpg 750w, https:\/\/www.novorodenec.sk\/web\/wp-content\/uploads\/2020\/02\/oo-300x200.jpg 300w\" sizes=\"(max-width: 706px) 89vw, (max-width: 767px) 82vw, 740px\" \/><\/figure>\n\n\n\n<figure class=\"wp-block-image size-large\"><img loading=\"lazy\" decoding=\"async\" width=\"750\" height=\"500\" src=\"https:\/\/www.novorodenec.sk\/web\/wp-content\/uploads\/2020\/02\/pp.jpg\" alt=\"\" class=\"wp-image-86\" srcset=\"https:\/\/www.novorodenec.sk\/web\/wp-content\/uploads\/2020\/02\/pp.jpg 750w, https:\/\/www.novorodenec.sk\/web\/wp-content\/uploads\/2020\/02\/pp-300x200.jpg 300w\" sizes=\"(max-width: 706px) 89vw, (max-width: 767px) 82vw, 740px\" \/><\/figure>\n","protected":false},"excerpt":{"rendered":"<p>Na\u0161a neziskov\u00e1 organiz\u00e1cia podporuje neonatol\u00f3giu v regi\u00f3ne V\u00fdchodoslovensk\u00e9ho kraja, sleduje v\u00fdsledky dosahovan\u00e9 pracoviskami, navrhuje a organizuje odborn\u00e9 vzdel\u00e1vacie kurzy a buduje koncep\u010dn\u00e9 rie\u0161enie starostlivosti o matku a die\u0165a. Podporuje pracovisk\u00e1, ktor\u00e9 maj\u00fa vysok\u00e9 percento novorodencov na neinvaz\u00edvnej a riadenej ventil\u00e1cii, najm\u00e4 tie najkomplikovanej\u0161ie extr\u00e9mne nezrel\u00e9 pr\u00edpady novorodencov. V\u00fdraznou mierou sa podie\u013ea na \u0161koleniach a odborn\u00fdch &hellip; <\/p>\n<p class=\"link-more\"><a href=\"https:\/\/www.novorodenec.sk\/web\/?page_id=8\" class=\"more-link\">Pokra\u010dova\u0165 v \u010d\u00edtan\u00ed<span class=\"screen-reader-text\"> &#8222;O n\u00e1s&#8220;<\/span><\/a><\/p>\n","protected":false},"author":1,"featured_media":0,"parent":0,"menu_order":0,"comment_status":"closed","ping_status":"closed","template":"","meta":{"_monsterinsights_skip_tracking":false,"_monsterinsights_sitenote_active":false,"_monsterinsights_sitenote_note":"","_monsterinsights_sitenote_category":0,"footnotes":""},"class_list":["post-8","page","type-page","status-publish","hentry"],"yoast_head":"<!-- This site is optimized with the Yoast SEO plugin v23.4 - https:\/\/yoast.com\/wordpress\/plugins\/seo\/ -->\n<title>O n\u00e1s - Novorodenec<\/title>\n<meta name=\"robots\" content=\"index, follow, max-snippet:-1, max-image-preview:large, max-video-preview:-1\" \/>\n<link rel=\"canonical\" href=\"https:\/\/www.novorodenec.sk\/web\/?page_id=8\" \/>\n<meta property=\"og:locale\" content=\"sk_SK\" \/>\n<meta property=\"og:type\" content=\"article\" \/>\n<meta property=\"og:title\" content=\"O n\u00e1s - Novorodenec\" \/>\n<meta property=\"og:description\" content=\"Na\u0161a neziskov\u00e1 organiz\u00e1cia podporuje neonatol\u00f3giu v regi\u00f3ne V\u00fdchodoslovensk\u00e9ho kraja, sleduje v\u00fdsledky dosahovan\u00e9 pracoviskami, navrhuje a organizuje odborn\u00e9 vzdel\u00e1vacie kurzy a buduje koncep\u010dn\u00e9 rie\u0161enie starostlivosti o matku a die\u0165a. Podporuje pracovisk\u00e1, ktor\u00e9 maj\u00fa vysok\u00e9 percento novorodencov na neinvaz\u00edvnej a riadenej ventil\u00e1cii, najm\u00e4 tie najkomplikovanej\u0161ie extr\u00e9mne nezrel\u00e9 pr\u00edpady novorodencov. V\u00fdraznou mierou sa podie\u013ea na \u0161koleniach a odborn\u00fdch &hellip; Pokra\u010dova\u0165 v \u010d\u00edtan\u00ed &quot;O n\u00e1s&quot;\" \/>\n<meta property=\"og:url\" content=\"https:\/\/www.novorodenec.sk\/web\/?page_id=8\" \/>\n<meta property=\"og:site_name\" content=\"Novorodenec\" \/>\n<meta property=\"article:modified_time\" content=\"2020-02-01T17:55:06+00:00\" \/>\n<meta property=\"og:image\" content=\"https:\/\/www.novorodenec.sk\/web\/wp-content\/uploads\/2020\/02\/ii.jpg\" \/>\n<meta name=\"twitter:card\" content=\"summary_large_image\" \/>\n<meta name=\"twitter:label1\" content=\"Predpokladan\u00fd \u010das \u010d\u00edtania\" \/>\n\t<meta name=\"twitter:data1\" content=\"1 min\u00fata\" \/>\n<script type=\"application\/ld+json\" class=\"yoast-schema-graph\">{\"@context\":\"https:\/\/schema.org\",\"@graph\":[{\"@type\":\"WebPage\",\"@id\":\"https:\/\/www.novorodenec.sk\/web\/?page_id=8\",\"url\":\"https:\/\/www.novorodenec.sk\/web\/?page_id=8\",\"name\":\"O n\u00e1s - Novorodenec\",\"isPartOf\":{\"@id\":\"https:\/\/www.novorodenec.sk\/web\/#website\"},\"primaryImageOfPage\":{\"@id\":\"https:\/\/www.novorodenec.sk\/web\/?page_id=8#primaryimage\"},\"image\":{\"@id\":\"https:\/\/www.novorodenec.sk\/web\/?page_id=8#primaryimage\"},\"thumbnailUrl\":\"https:\/\/www.novorodenec.sk\/web\/wp-content\/uploads\/2020\/02\/ii.jpg\",\"datePublished\":\"2020-01-21T14:11:40+00:00\",\"dateModified\":\"2020-02-01T17:55:06+00:00\",\"breadcrumb\":{\"@id\":\"https:\/\/www.novorodenec.sk\/web\/?page_id=8#breadcrumb\"},\"inLanguage\":\"sk-SK\",\"potentialAction\":[{\"@type\":\"ReadAction\",\"target\":[\"https:\/\/www.novorodenec.sk\/web\/?page_id=8\"]}]},{\"@type\":\"ImageObject\",\"inLanguage\":\"sk-SK\",\"@id\":\"https:\/\/www.novorodenec.sk\/web\/?page_id=8#primaryimage\",\"url\":\"https:\/\/www.novorodenec.sk\/web\/wp-content\/uploads\/2020\/02\/ii.jpg\",\"contentUrl\":\"https:\/\/www.novorodenec.sk\/web\/wp-content\/uploads\/2020\/02\/ii.jpg\",\"width\":750,\"height\":500},{\"@type\":\"BreadcrumbList\",\"@id\":\"https:\/\/www.novorodenec.sk\/web\/?page_id=8#breadcrumb\",\"itemListElement\":[{\"@type\":\"ListItem\",\"position\":1,\"name\":\"Home\",\"item\":\"https:\/\/www.novorodenec.sk\/web\/\"},{\"@type\":\"ListItem\",\"position\":2,\"name\":\"O n\u00e1s\"}]},{\"@type\":\"WebSite\",\"@id\":\"https:\/\/www.novorodenec.sk\/web\/#website\",\"url\":\"https:\/\/www.novorodenec.sk\/web\/\",\"name\":\"Novorodenec\",\"description\":\"www.novorodenec.sk\",\"potentialAction\":[{\"@type\":\"SearchAction\",\"target\":{\"@type\":\"EntryPoint\",\"urlTemplate\":\"https:\/\/www.novorodenec.sk\/web\/?s={search_term_string}\"},\"query-input\":{\"@type\":\"PropertyValueSpecification\",\"valueRequired\":true,\"valueName\":\"search_term_string\"}}],\"inLanguage\":\"sk-SK\"}]}<\/script>\n<!-- \/ Yoast SEO plugin. -->","yoast_head_json":{"title":"O n\u00e1s - Novorodenec","robots":{"index":"index","follow":"follow","max-snippet":"max-snippet:-1","max-image-preview":"max-image-preview:large","max-video-preview":"max-video-preview:-1"},"canonical":"https:\/\/www.novorodenec.sk\/web\/?page_id=8","og_locale":"sk_SK","og_type":"article","og_title":"O n\u00e1s - Novorodenec","og_description":"Na\u0161a neziskov\u00e1 organiz\u00e1cia podporuje neonatol\u00f3giu v regi\u00f3ne V\u00fdchodoslovensk\u00e9ho kraja, sleduje v\u00fdsledky dosahovan\u00e9 pracoviskami, navrhuje a organizuje odborn\u00e9 vzdel\u00e1vacie kurzy a buduje koncep\u010dn\u00e9 rie\u0161enie starostlivosti o matku a die\u0165a. Podporuje pracovisk\u00e1, ktor\u00e9 maj\u00fa vysok\u00e9 percento novorodencov na neinvaz\u00edvnej a riadenej ventil\u00e1cii, najm\u00e4 tie najkomplikovanej\u0161ie extr\u00e9mne nezrel\u00e9 pr\u00edpady novorodencov. V\u00fdraznou mierou sa podie\u013ea na \u0161koleniach a odborn\u00fdch &hellip; Pokra\u010dova\u0165 v \u010d\u00edtan\u00ed \"O n\u00e1s\"","og_url":"https:\/\/www.novorodenec.sk\/web\/?page_id=8","og_site_name":"Novorodenec","article_modified_time":"2020-02-01T17:55:06+00:00","og_image":[{"url":"https:\/\/www.novorodenec.sk\/web\/wp-content\/uploads\/2020\/02\/ii.jpg"}],"twitter_card":"summary_large_image","twitter_misc":{"Predpokladan\u00fd \u010das \u010d\u00edtania":"1 min\u00fata"},"schema":{"@context":"https:\/\/schema.org","@graph":[{"@type":"WebPage","@id":"https:\/\/www.novorodenec.sk\/web\/?page_id=8","url":"https:\/\/www.novorodenec.sk\/web\/?page_id=8","name":"O n\u00e1s - Novorodenec","isPartOf":{"@id":"https:\/\/www.novorodenec.sk\/web\/#website"},"primaryImageOfPage":{"@id":"https:\/\/www.novorodenec.sk\/web\/?page_id=8#primaryimage"},"image":{"@id":"https:\/\/www.novorodenec.sk\/web\/?page_id=8#primaryimage"},"thumbnailUrl":"https:\/\/www.novorodenec.sk\/web\/wp-content\/uploads\/2020\/02\/ii.jpg","datePublished":"2020-01-21T14:11:40+00:00","dateModified":"2020-02-01T17:55:06+00:00","breadcrumb":{"@id":"https:\/\/www.novorodenec.sk\/web\/?page_id=8#breadcrumb"},"inLanguage":"sk-SK","potentialAction":[{"@type":"ReadAction","target":["https:\/\/www.novorodenec.sk\/web\/?page_id=8"]}]},{"@type":"ImageObject","inLanguage":"sk-SK","@id":"https:\/\/www.novorodenec.sk\/web\/?page_id=8#primaryimage","url":"https:\/\/www.novorodenec.sk\/web\/wp-content\/uploads\/2020\/02\/ii.jpg","contentUrl":"https:\/\/www.novorodenec.sk\/web\/wp-content\/uploads\/2020\/02\/ii.jpg","width":750,"height":500},{"@type":"BreadcrumbList","@id":"https:\/\/www.novorodenec.sk\/web\/?page_id=8#breadcrumb","itemListElement":[{"@type":"ListItem","position":1,"name":"Home","item":"https:\/\/www.novorodenec.sk\/web\/"},{"@type":"ListItem","position":2,"name":"O n\u00e1s"}]},{"@type":"WebSite","@id":"https:\/\/www.novorodenec.sk\/web\/#website","url":"https:\/\/www.novorodenec.sk\/web\/","name":"Novorodenec","description":"www.novorodenec.sk","potentialAction":[{"@type":"SearchAction","target":{"@type":"EntryPoint","urlTemplate":"https:\/\/www.novorodenec.sk\/web\/?s={search_term_string}"},"query-input":{"@type":"PropertyValueSpecification","valueRequired":true,"valueName":"search_term_string"}}],"inLanguage":"sk-SK"}]}},"_links":{"self":[{"href":"https:\/\/www.novorodenec.sk\/web\/index.php?rest_route=\/wp\/v2\/pages\/8"}],"collection":[{"href":"https:\/\/www.novorodenec.sk\/web\/index.php?rest_route=\/wp\/v2\/pages"}],"about":[{"href":"https:\/\/www.novorodenec.sk\/web\/index.php?rest_route=\/wp\/v2\/types\/page"}],"author":[{"embeddable":true,"href":"https:\/\/www.novorodenec.sk\/web\/index.php?rest_route=\/wp\/v2\/users\/1"}],"replies":[{"embeddable":true,"href":"https:\/\/www.novorodenec.sk\/web\/index.php?rest_route=%2Fwp%2Fv2%2Fcomments&post=8"}],"version-history":[{"count":5,"href":"https:\/\/www.novorodenec.sk\/web\/index.php?rest_route=\/wp\/v2\/pages\/8\/revisions"}],"predecessor-version":[{"id":87,"href":"https:\/\/www.novorodenec.sk\/web\/index.php?rest_route=\/wp\/v2\/pages\/8\/revisions\/87"}],"wp:attachment":[{"href":"https:\/\/www.novorodenec.sk\/web\/index.php?rest_route=%2Fwp%2Fv2%2Fmedia&parent=8"}],"curies":[{"name":"wp","href":"https:\/\/api.w.org\/{rel}","templated":true}]}}